{"id":20778,"date":"2023-05-15T11:01:38","date_gmt":"2023-05-15T08:01:38","guid":{"rendered":"https:\/\/bnv.ge\/product\/ledli-kovanl-g-n-25w"},"modified":"2023-05-15T11:01:38","modified_gmt":"2023-05-15T08:01:38","slug":"ledli-kovanl-g-n-25w","status":"publish","type":"product","link":"https:\/\/bnv.ge\/en\/product\/ledli-kovanl-g-n-25w","title":{"rendered":"Ledli Kovanl\u0131 G\u00fcn\u0131\u015f\u0131\u011f\u0131 25w"},"content":{"rendered":"","protected":false},"excerpt":{"rendered":"","protected":false},"featured_media":24927,"template":"","meta":{"rank_math_lock_modified_date":false},"product_cat":[168,291],"product_tag":[],"class_list":{"0":"post-20778","1":"product","2":"type-product","3":"status-publish","4":"has-post-thumbnail","6":"product_cat-chemistry-and-equipment","7":"product_cat-lighting-inside-the-pool","9":"first","10":"instock","11":"shipping-taxable","12":"purchasable","13":"product-type-simple"},"_links":{"self":[{"href":"https:\/\/bnv.ge\/en\/wp-json\/wp\/v2\/product\/20778","targetHints":{"allow":["GET"]}}],"collection":[{"href":"https:\/\/bnv.ge\/en\/wp-json\/wp\/v2\/product"}],"about":[{"href":"https:\/\/bnv.ge\/en\/wp-json\/wp\/v2\/types\/product"}],"wp:featuredmedia":[{"embeddable":true,"href":"https:\/\/bnv.ge\/en\/wp-json\/wp\/v2\/media\/24927"}],"wp:attachment":[{"href":"https:\/\/bnv.ge\/en\/wp-json\/wp\/v2\/media?parent=20778"}],"wp:term":[{"taxonomy":"product_cat","embeddable":true,"href":"https:\/\/bnv.ge\/en\/wp-json\/wp\/v2\/product_cat?post=20778"},{"taxonomy":"product_tag","embeddable":true,"href":"https:\/\/bnv.ge\/en\/wp-json\/wp\/v2\/product_tag?post=20778"}],"curies":[{"name":"wp","href":"https:\/\/api.w.org\/{rel}","templated":true}]}}